{"id":15,"date":"2021-04-10T13:19:11","date_gmt":"2021-04-10T11:19:11","guid":{"rendered":"https:\/\/gynaekologie-badlausick.de\/?page_id=15"},"modified":"2024-12-12T12:13:20","modified_gmt":"2024-12-12T11:13:20","slug":"startseite","status":"publish","type":"page","link":"https:\/\/gynaekologie-badlausick.de\/","title":{"rendered":"Startseite"},"content":{"rendered":"<div class=\"wpb-content-wrapper\"><p>[vc_row el_id=&#8220;praxis&#8220;][vc_column][vc_column_text]<\/p>\n<h1 class=\"p1\" style=\"text-align: center;\">Unser Team<\/h1>\n<p>[\/vc_column_text][vc_row_inner equal_height=&#8220;yes&#8220; gap=&#8220;20&#8243; el_class=&#8220;team&#8220;][vc_column_inner el_class=&#8220;naframe&#8220; width=&#8220;1\/3&#8243; css=&#8220;.vc_custom_1734001999184{background-color: #f2f2f2 !important;}&#8220;][vc_single_image image=&#8220;198&#8243; img_size=&#8220;full&#8220;][vc_column_text]<\/p>\n<h3 class=\"p1\">Claudia Peter<\/h3>\n<p class=\"p1\">Fach\u00e4rztin f\u00fcr Frauenheilkunde und Geburtshilfe<\/p>\n<p>[\/vc_column_text][\/vc_column_inner][vc_column_inner el_class=&#8220;noframe&#8220; width=&#8220;1\/3&#8243; css=&#8220;.vc_custom_1730715546364{background-color: #f2f2f2 !important;}&#8220;][vc_single_image image=&#8220;194&#8243; img_size=&#8220;full&#8220;][vc_column_text]<\/p>\n<h3 class=\"p1\">Mandy Wendrich<\/h3>\n<p class=\"p1\">Hebamme und examinierte Krankenschwester<\/p>\n<p>[\/vc_column_text][\/vc_column_inner][vc_column_inner el_class=&#8220;noframe&#8220; width=&#8220;1\/3&#8243; css=&#8220;.vc_custom_1730715225537{background-color: #f2f2f2 !important;}&#8220;][vc_single_image image=&#8220;212&#8243; img_size=&#8220;full&#8220;][vc_column_text]<\/p>\n<h3 class=\"p1\">Constanze Fischer<\/h3>\n<p>examinierte Krankenschwester[\/vc_column_text][\/vc_column_inner][\/vc_row_inner][\/vc_column][\/vc_row][vc_row][vc_column][vc_column_text]<\/p>\n<h1 class=\"p1\" style=\"text-align: center;\">Unsere Praxis<\/h1>\n<p>[\/vc_column_text][vc_row_inner equal_height=&#8220;yes&#8220; gap=&#8220;20&#8243; el_class=&#8220;team&#8220;][vc_column_inner el_class=&#8220;noframe&#8220; width=&#8220;1\/2&#8243; css=&#8220;.vc_custom_1619768098045{background-color: #f2f2f2 !important;}&#8220;][vc_single_image image=&#8220;275&#8243; img_size=&#8220;full&#8220;][\/vc_column_inner][vc_column_inner el_class=&#8220;noframe&#8220; width=&#8220;1\/2&#8243; css=&#8220;.vc_custom_1730838624556{background-color: #f2f2f2 !important;}&#8220;][vc_single_image image=&#8220;276&#8243; img_size=&#8220;full&#8220;][\/vc_column_inner][\/vc_row_inner][vc_row_inner equal_height=&#8220;yes&#8220; gap=&#8220;20&#8243; el_class=&#8220;team&#8220;][vc_column_inner el_class=&#8220;noframe&#8220; width=&#8220;1\/2&#8243; css=&#8220;.vc_custom_1730715546364{background-color: #f2f2f2 !important;}&#8220;][vc_single_image image=&#8220;277&#8243; img_size=&#8220;full&#8220;][\/vc_column_inner][vc_column_inner el_class=&#8220;noframe&#8220; width=&#8220;1\/2&#8243; css=&#8220;.vc_custom_1730715225537{background-color: #f2f2f2 !important;}&#8220;][vc_single_image image=&#8220;278&#8243; img_size=&#8220;full&#8220;][\/vc_column_inner][\/vc_row_inner][\/vc_column][\/vc_row][vc_row el_class=&#8220;schwerpunkte&#8220; css=&#8220;.vc_custom_1620389293774{padding-top: 15px !important;}&#8220; el_id=&#8220;leistungen&#8220;][vc_column][vc_column_text]<\/p>\n<h2 class=\"p1\" style=\"text-align: center;\">Unsere Leistungen<\/h2>\n<p>[\/vc_column_text][vc_row_inner equal_height=&#8220;yes&#8220; gap=&#8220;20&#8243; el_class=&#8220;team&#8220;][vc_column_inner width=&#8220;1\/2&#8243; css=&#8220;.vc_custom_1618316712780{background-color: #f2f2f2 !important;}&#8220;][vc_column_text]<\/p>\n<h3 class=\"p1\" style=\"text-align: left;\">Behandlungsspektrum<\/h3>\n<ul>\n<li class=\"p1\">In der Praxis f\u00fcr Gyn\u00e4kologie in Bad Lausick werden Patienten umfassend in den Bereichen der Frauen\u00adheil\u00adkunde sowie der Geburtshilfe behandelt.<\/li>\n<li class=\"p1\">Unser Praxisteam bietet Ihnen eine kompetente Betreuung zu Themen wie Verh\u00fctung, Schwangerschaft, Krebsvorsorge oder den Wechseljahren.<\/li>\n<li class=\"p1\">Die Praxisr\u00e4ume sind behindertengerecht ausgestattet und verf\u00fcgen \u00fcber einen freundlichen Wartebereich.<\/li>\n<\/ul>\n<p>[\/vc_column_text][\/vc_column_inner][vc_column_inner width=&#8220;1\/2&#8243; css=&#8220;.vc_custom_1617959374676{background-color: #f2f2f2 !important;}&#8220;][vc_column_text]<\/p>\n<ul>\n<li>Gyn\u00e4kologische Vorsorge (Krebsvorsorge)<\/li>\n<li>Darmkrebsvorsorge<\/li>\n<li>Gyn\u00e4kologische Ultraschalldiagnostik<\/li>\n<li>Diagnostik, Therapie und Nachsorge bei Krebserkrankungen der weiblichen Genitalorgane und der Brust<\/li>\n<li>Diagnostik und Therapie allgemein-gyn\u00e4kologischer Erkrankungen und Beschwerden im Klimakterium<\/li>\n<li>Diagnostik und Therapie von Beckenbodenschw\u00e4che und Inkontinenz<\/li>\n<li>Beratung zu Familienplanung und Empf\u00e4ngnisverh\u00fctung<\/li>\n<li>Diagnostik und Beratung bei Kinderwunsch\/Sterilit\u00e4t\/Hormonst\u00f6rungen<\/li>\n<li>Psychosomatische Grundversorgung<\/li>\n<li>Impfberatung und Impfen<br \/>\n<h3><strong><br \/>\n<\/strong>Schwangerschaftsbetreuung und Mutterschaftsvorsorge<\/h3>\n<\/li>\n<li>Geburtshilfliche Ultraschalldiagnostik<\/li>\n<li>Nicht invasiver Pr\u00e4nataltest (NIPT) nach individueller Beratung<\/li>\n<li>RhesusD-Diagnostik<\/li>\n<li>Infektionsdiagnostik<\/li>\n<li>Ultraschall-Screening 2. Trimenon<\/li>\n<li>Blutzuckerbelastungstest zur Fr\u00fcherkennung eines Schwangerschaftsdiabetes<\/li>\n<\/ul>\n<p>[\/vc_column_text][\/vc_column_inner][\/vc_row_inner][vc_row_inner equal_height=&#8220;yes&#8220; gap=&#8220;20&#8243; el_class=&#8220;team&#8220;][vc_column_inner width=&#8220;1\/2&#8243; css=&#8220;.vc_custom_1618316712780{background-color: #f2f2f2 !important;}&#8220;][vc_column_text]<\/p>\n<h3 class=\"p1\" style=\"text-align: left;\">Leistungen Hebamme<\/h3>\n<ul>\n<li>Mutterschaftsvorsorge<\/li>\n<li>Beratung und Hilfe bei schwangerschaftsbedingten Beschwerden<\/li>\n<li>Akupunktur<\/li>\n<li>Geburtsvorbereitung<\/li>\n<li>Wochenbettbetreuung mit Hausbesuchen<\/li>\n<li>Stillberatung<\/li>\n<li>Betreuung bei Fehlgeburten und stillen Geburten<\/li>\n<\/ul>\n<p>[\/vc_column_text][\/vc_column_inner][vc_column_inner width=&#8220;1\/2&#8243; css=&#8220;.vc_custom_1617959374676{background-color: #f2f2f2 !important;}&#8220;][vc_column_text]<\/p>\n<h3 class=\"p1\" style=\"text-align: left;\">IGeL-Leistungen<\/h3>\n<ul>\n<li>Ultraschalluntersuchung der weiblichen Genitalorgane\/kleines Becken zur Krebsvorsorge<\/li>\n<li>Einlage von intrauterinen Pessaren (Spiralen) zur Empf\u00e4ngnisverh\u00fctung<\/li>\n<li>sonographische Lagekontrolle von IUP (Spiralen)<\/li>\n<li>Injektion 3-Monatsspritze zur Empf\u00e4ngnisverh\u00fctung<\/li>\n<li>Beratung und Abnahme HPV-Test<\/li>\n<li>Beratung und Abnahme Thin-Prep-Test<\/li>\n<li>immunologischer Stuhltest<\/li>\n<li>Laborblutentnahmen<\/li>\n<\/ul>\n<p>[\/vc_column_text][\/vc_column_inner][\/vc_row_inner][\/vc_column][\/vc_row][vc_row full_width=&#8220;stretch_row&#8220; el_class=&#8220;standort&#8220; css=&#8220;.vc_custom_1620389299460{padding-top: 15px !important;}&#8220; el_id=&#8220;oeffnungszeiten&#8220;][vc_column][vc_column_text]<\/p>\n<h2 class=\"p1\" style=\"text-align: center;\">\u00d6ffnungszeiten<\/h2>\n<p>[\/vc_column_text][vc_row_inner equal_height=&#8220;yes&#8220; gap=&#8220;20&#8243; el_class=&#8220;team&#8220;][vc_column_inner width=&#8220;1\/2&#8243; css=&#8220;.vc_custom_1619764122710{background-color: #f2f2f2 !important;}&#8220;][vc_single_image image=&#8220;137&#8243; img_size=&#8220;full&#8220;][vc_column_text]<span class=\"s1\" style=\"color: #333333;\">Praxis f\u00fcr Gyn\u00e4kologie<br \/>\nStra\u00dfe der Einheit 51<br \/>\n04651 Bad Lausick<br \/>\n<\/span><\/p>\n<p class=\"p3\"><span class=\"s2\">Tel: +49 34345 22416<br \/>\n<\/span><span class=\"s2\">Fax: +49 34345 25235<br \/>\nMail: <\/span><a href=\"gynaekologie.badlausick@labor-leipzig.de\">gynaekologie.badlausick@labor-leipzig.de<\/a><\/p>\n<p>Die Praxisr\u00e4ume sind barrierefrei.[\/vc_column_text][\/vc_column_inner][vc_column_inner el_class=&#8220;team teamkontakt&#8220; width=&#8220;1\/2&#8243; css=&#8220;.vc_custom_1619764131762{background-color: #f2f2f2 !important;}&#8220;][vc_column_text]<\/p>\n<h3 class=\"p1\">\u00d6ffnungszeiten<\/h3>\n<table style=\"max-width: 100% !important; width: 100%;\" width=\"100%\">\n<tbody>\n<tr>\n<td>Montag<\/td>\n<td>08:00 &#8211; 12:00 Uhr<\/td>\n<td>14:00 &#8211; 17:30 Uhr<\/td>\n<\/tr>\n<tr>\n<td>Dienstag*<\/td>\n<td>08:00 &#8211; 14:00 Uhr<\/td>\n<td><\/td>\n<\/tr>\n<tr>\n<td>Mittwoch<\/td>\n<td>07:30 &#8211; 12:30 Uhr<\/td>\n<td><\/td>\n<\/tr>\n<tr>\n<td>Donnerstag<\/td>\n<td>08:00 &#8211; 12:00 Uhr<\/td>\n<td>14:00 &#8211; 17:30 Uhr<\/td>\n<\/tr>\n<tr>\n<td>Freitag<\/td>\n<td>08:00 &#8211; 12:00 Uhr<\/td>\n<td><\/td>\n<\/tr>\n<\/tbody>\n<\/table>\n<p class=\"p1\">* Schwangerenbetreuung mit Hebammensprechstunde<\/p>\n<p class=\"p1\">Wenn Sie einen Termin nicht wahrnehmen<br \/>\nk\u00f6nnen, informieren Sie uns bitte rechtzeitig.<\/p>\n<h3 class=\"p1\">Terminabsprachen unter<\/h3>\n<p>[\/vc_column_text][vc_btn title=&#8220;+49 34345 22416&#8243; shape=&#8220;square&#8220; color=&#8220;default&#8220; align=&#8220;center&#8220; i_icon_fontawesome=&#8220;fas fa-mobile-alt&#8220; button_block=&#8220;true&#8220; add_icon=&#8220;true&#8220; link=&#8220;url:tel%3A00493434522416|target:_blank|rel:nofollow&#8220;][\/vc_column_inner][\/vc_row_inner][\/vc_column][\/vc_row][vc_row full_width=&#8220;stretch_row&#8220; disable_element=&#8220;yes&#8220; el_class=&#8220;standort&#8220; css=&#8220;.vc_custom_1620389305307{padding-top: 15px !important;}&#8220; el_id=&#8220;urlaub&#8220;][vc_column][vc_column_text]<\/p>\n<h2 class=\"p1\" style=\"text-align: center;\">Urlaubsvertretung<\/h2>\n<p>[\/vc_column_text][vc_row_inner equal_height=&#8220;yes&#8220; gap=&#8220;20&#8243; el_class=&#8220;team&#8220;][vc_column_inner width=&#8220;1\/2&#8243; css=&#8220;.vc_custom_1619764122710{background-color: #f2f2f2 !important;}&#8220;][vc_column_text]<\/p>\n<h3 class=\"p1\" style=\"text-align: center;\">Praxisurlaub<\/h3>\n<p class=\"p3\" style=\"text-align: center;\">Unsere Praxis befindet sich in der<br \/>\nZeit vom 06. \u2013 09.04.2021 im Urlaub.<\/p>\n<p>[\/vc_column_text][\/vc_column_inner][vc_column_inner el_class=&#8220;team teamkontakt&#8220; width=&#8220;1\/2&#8243; css=&#8220;.vc_custom_1619764131762{background-color: #f2f2f2 !important;}&#8220;][vc_column_text]<\/p>\n<h3 style=\"text-align: center;\">Vertretung vom 06.04. \u2013 08.04.2021<\/h3>\n<p style=\"text-align: center;\">Dr. Koch<br \/>\nEisenbahnstr. 31<\/p>\n<p>[\/vc_column_text][vc_btn title=&#8220;+49 341 6883537&#8243; shape=&#8220;square&#8220; color=&#8220;default&#8220; align=&#8220;center&#8220; i_icon_fontawesome=&#8220;fas fa-mobile-alt&#8220; button_block=&#8220;true&#8220; add_icon=&#8220;true&#8220; link=&#8220;url:tel%3A00493416883537|target:_blank|rel:nofollow&#8220;][\/vc_column_inner][\/vc_row_inner][\/vc_column][\/vc_row][vc_row full_width=&#8220;stretch_row_content_no_spaces&#8220; el_id=&#8220;kontakt&#8220; css=&#8220;.vc_custom_1620389310710{padding-top: 15px !important;}&#8220;][vc_column][vc_raw_html]JTNDaWZyYW1lJTIwc3JjJTNEJTIyaHR0cHMlM0ElMkYlMkZ3d3cuZ29vZ2xlLmNvbSUyRm1hcHMlMkZlbWJlZCUzRnBiJTNEJTIxMW0xOCUyMTFtMTIlMjExbTMlMjExZDI1MDMuMDE1NjA0NzYwMzM4NiUyMTJkMTIuNjM1OTExMzE1Njc4NzE0JTIxM2Q1MS4xNDUwNjMzNDQ5NTE3NiUyMTJtMyUyMTFmMCUyMTJmMCUyMTNmMCUyMTNtMiUyMTFpMTAyNCUyMTJpNzY4JTIxNGYxMy4xJTIxM20zJTIxMW0yJTIxMXMweDQ3YTcxYjYwYzgzOGI0OTclMjUzQTB4YzdkNmYzNjUyY2UwZjNmZCUyMTJzU3RyLiUyNTIwZGVyJTI1MjBFaW5oZWl0JTI1MjA1MSUyNTJDJTI1MjAwNDY1MSUyNTIwQmFkJTI1MjBMYXVzaWNrJTIxNWUwJTIxM20yJTIxMXNkZSUyMTJzZGUlMjE0djE2MjAzNzg4OTQyNjAlMjE1bTIlMjExc2RlJTIxMnNkZSUyMiUyMHdpZHRoJTNEJTIyMTAwJTI1JTIyJTIwaGVpZ2h0JTNEJTIyNDMwJTIyJTIwc3R5bGUlM0QlMjJib3JkZXIlM0EwJTNCJTIyJTIwYWxsb3dmdWxsc2NyZWVuJTNEJTIyJTIyJTIwbG9hZGluZyUzRCUyMmxhenklMjIlM0UlM0MlMkZpZnJhbWUlM0U=[\/vc_raw_html][\/vc_column][\/vc_row]<\/p>\n<\/div>","protected":false},"excerpt":{"rendered":"<p>[vc_row el_id=&#8220;praxis&#8220;][vc_column][vc_column_text] Unser Team [\/vc_column_text][vc_row_inner equal_height=&#8220;yes&#8220; gap=&#8220;20&#8243; el_class=&#8220;team&#8220;][vc_column_inner el_class=&#8220;naframe&#8220; width=&#8220;1\/3&#8243; css=&#8220;.vc_custom_1734001999184{background-color: #f2f2f2 !important;}&#8220;][vc_single_image image=&#8220;198&#8243; img_size=&#8220;full&#8220;][vc_column_text] Claudia Peter Fach\u00e4rztin f\u00fcr Frauenheilkunde und Geburtshilfe [\/vc_column_text][\/vc_column_inner][vc_column_inner el_class=&#8220;noframe&#8220; width=&#8220;1\/3&#8243; css=&#8220;.vc_custom_1730715546364{background-color: #f2f2f2 !important;}&#8220;][vc_single_image image=&#8220;194&#8243; img_size=&#8220;full&#8220;][vc_column_text] Mandy Wendrich Hebamme und examinierte Krankenschwester [\/vc_column_text][\/vc_column_inner][vc_column_inner el_class=&#8220;noframe&#8220; width=&#8220;1\/3&#8243; css=&#8220;.vc_custom_1730715225537{background-color: #f2f2f2 !important;}&#8220;][vc_single_image image=&#8220;212&#8243; img_size=&#8220;full&#8220;][vc_column_text] Constanze Fischer examinierte Krankenschwester[\/vc_column_text][\/vc_column_inner][\/vc_row_inner][\/vc_column][\/vc_row][vc_row][vc_column][vc_column_text] Unsere Praxis [\/vc_column_text][vc_row_inner equal_height=&#8220;yes&#8220; gap=&#8220;20&#8243; el_class=&#8220;team&#8220;][vc_column_inner el_class=&#8220;noframe&#8220; [&hellip;]<\/p>\n","protected":false},"author":1,"featured_media":0,"parent":0,"menu_order":0,"comment_status":"closed","ping_status":"closed","template":"","meta":{"inline_featured_image":false,"footnotes":""},"class_list":["post-15","page","type-page","status-publish","hentry"],"_links":{"self":[{"href":"https:\/\/gynaekologie-badlausick.de\/index.php?rest_route=\/wp\/v2\/pages\/15","targetHints":{"allow":["GET"]}}],"collection":[{"href":"https:\/\/gynaekologie-badlausick.de\/index.php?rest_route=\/wp\/v2\/pages"}],"about":[{"href":"https:\/\/gynaekologie-badlausick.de\/index.php?rest_route=\/wp\/v2\/types\/page"}],"author":[{"embeddable":true,"href":"https:\/\/gynaekologie-badlausick.de\/index.php?rest_route=\/wp\/v2\/users\/1"}],"replies":[{"embeddable":true,"href":"https:\/\/gynaekologie-badlausick.de\/index.php?rest_route=%2Fwp%2Fv2%2Fcomments&post=15"}],"version-history":[{"count":163,"href":"https:\/\/gynaekologie-badlausick.de\/index.php?rest_route=\/wp\/v2\/pages\/15\/revisions"}],"predecessor-version":[{"id":365,"href":"https:\/\/gynaekologie-badlausick.de\/index.php?rest_route=\/wp\/v2\/pages\/15\/revisions\/365"}],"wp:attachment":[{"href":"https:\/\/gynaekologie-badlausick.de\/index.php?rest_route=%2Fwp%2Fv2%2Fmedia&parent=15"}],"curies":[{"name":"wp","href":"https:\/\/api.w.org\/{rel}","templated":true}]}}