{"id":7,"date":"2021-04-10T13:17:27","date_gmt":"2021-04-10T11:17:27","guid":{"rendered":"https:\/\/gynaekologie-badlausick.de\/?page_id=7"},"modified":"2026-03-27T10:09:41","modified_gmt":"2026-03-27T09:09:41","slug":"impressum","status":"publish","type":"page","link":"https:\/\/gynaekologie-badlausick.de\/?page_id=7","title":{"rendered":"Impressum"},"content":{"rendered":"<div class=\"wpb-content-wrapper\"><p>[vc_row][vc_column][vc_column_text css=&#8220;&#8220;]<strong>1. Impressum<\/strong><br \/>\nPflichtangaben nach \u00a7 5 TMG:<\/p>\n<p>Praxis f\u00fcr Gyn\u00e4kologie<br \/>\nStra\u00dfe der Einheit 51<br \/>\n04651 Bad Lausik<\/p>\n<p><strong>Kontaktm\u00f6glichkeiten:<\/strong><br \/>\nTel: +49 34345 22416<br \/>\nFax: +49 34345 25235<br \/>\nMail: <a href=\"mailto:gynaekologie.badlausick@labor-leipzig.de\">gynaekologie.badlausick@labor-leipzig.de<\/a><\/p>\n<p><strong>Vertretungsberechtigte:<\/strong><br \/>\nAugenklinik Dardenne SE<br \/>\nSitz der Gesellschaft: Heidelberg<br \/>\nHandelsregister Amtsgericht Bonn<br \/>\nHRB 19747<br \/>\nVorstand: Dr. med. Patricia Geller, Prof. Dr. Christian G\u00f6tting, Hans Limbach, Dr. Tobias Schulz-Isenbeck<br \/>\nGesch\u00e4ftsanschrift: Im Breitspiel 15, 69126 Heidelberg<\/p>\n<p><strong>Aufsichtsbeh\u00f6rde \/ Kammerzugeh\u00f6rigkeit und berufsspezifische Informationen:<\/strong><br \/>\nDie Mitarbeiter, die f\u00fcr die MVZ Labor Dr. Reising-Ackermann und Kollegen verantwortlich<br \/>\nGesundheitsdienstleistungen erbringen, f\u00fchren die Berufsbezeichnung Arzt,<br \/>\nverliehen in der Bundesrepublik Deutschland.<\/p>\n<p>Sie sind Mitglieder und unterstehen der Aufsicht der:<br \/>\n<strong>S\u00e4chsische Landes\u00e4rztekammer:<\/strong><br \/>\nSch\u00fctzenh\u00f6he 16, 01099 Dresden<br \/>\nTelefon: 0351 8267 \u2013 0, Fax 0351 8267 \u2013 412,\u00a0<a href=\"https:\/\/web.archive.org\/web\/20201128054424\/http:\/\/www.slaek.de\/\" target=\"_blank\" rel=\"noopener noreferrer\">www.slaek.de<\/a><\/p>\n<p><strong>Berufsrechtliche Regelungen:<\/strong><br \/>\nBerufsordnung der S\u00e4chsischen Landes\u00e4rztekammer, Regelungen einsehbar unter:<br \/>\n<a href=\"https:\/\/web.archive.org\/web\/20201128054424\/https:\/\/gynaekologie-badlausick.de\/impressum\/www.slaek.de\/de\/05\/aufgaben\/Berufsordnung.php?shortcut=10ordnung\/20berufsrecht\/10berufsordnung\/index.html\" target=\"_blank\" rel=\"noopener noreferrer\">http:\/\/www.slaek.de\/de\/05\/aufgaben\/Berufsordnung.php?shortcut=10ordnung\/20berufsrecht\/10berufsordnung\/index.html<\/a><\/p>\n<p><strong>Kassen\u00e4rztliche Vereinigung:<\/strong><br \/>\nKV Sachsen \u2013 Bezirksgesch\u00e4ftsstelle Leipzig<br \/>\nBraunstr. 16, 04347 Leipzig<\/p>\n<p><strong>USt-IdNr.:<\/strong>\u00a0DE 813821464<\/p>\n<p><strong>2. Externer betrieblicher Datenschutzbeauftragter<\/strong><\/p>\n<p>Dr. J\u00fcrgen Fechner<br \/>\nIT-Unternehmensberatung<br \/>\nDatenschutz + Datensicherheit<br \/>\nWalter-Markov-Ring 42, D-04288 Leipzig,<br \/>\nE-Mail:\u00a0<a href=\"https:\/\/web.archive.org\/web\/20201128054424\/mailto:j.fechner@fue-soft.de\">j.fechner@fue-soft.de<\/a>;<br \/>\nTelefon: +49 171 8266933<\/p>\n<p><strong>Bildnachweis:<\/strong><br \/>\n\u00a9punctum (Leipzig bei Nacht)<\/p>\n<p>Stand: 01.12.2021[\/vc_column_text][\/vc_column][\/vc_row]<\/p>\n<\/div>","protected":false},"excerpt":{"rendered":"<p>[vc_row][vc_column][vc_column_text css=&#8220;&#8220;]1. Impressum Pflichtangaben nach \u00a7 5 TMG: Praxis f\u00fcr Gyn\u00e4kologie Stra\u00dfe der Einheit 51 04651 Bad Lausik Kontaktm\u00f6glichkeiten: Tel: +49 34345 22416 Fax: +49 34345 25235 Mail: gynaekologie.badlausick@labor-leipzig.de Vertretungsberechtigte: Augenklinik Dardenne SE Sitz der Gesellschaft: Heidelberg Handelsregister Amtsgericht Bonn HRB 19747 Vorstand: Dr. med. Patricia Geller, Prof. Dr. Christian G\u00f6tting, Hans Limbach, Dr. Tobias [&hellip;]<\/p>\n","protected":false},"author":1,"featured_media":0,"parent":0,"menu_order":0,"comment_status":"closed","ping_status":"closed","template":"","meta":{"inline_featured_image":false,"footnotes":""},"class_list":["post-7","page","type-page","status-publish","hentry"],"_links":{"self":[{"href":"https:\/\/gynaekologie-badlausick.de\/index.php?rest_route=\/wp\/v2\/pages\/7","targetHints":{"allow":["GET"]}}],"collection":[{"href":"https:\/\/gynaekologie-badlausick.de\/index.php?rest_route=\/wp\/v2\/pages"}],"about":[{"href":"https:\/\/gynaekologie-badlausick.de\/index.php?rest_route=\/wp\/v2\/types\/page"}],"author":[{"embeddable":true,"href":"https:\/\/gynaekologie-badlausick.de\/index.php?rest_route=\/wp\/v2\/users\/1"}],"replies":[{"embeddable":true,"href":"https:\/\/gynaekologie-badlausick.de\/index.php?rest_route=%2Fwp%2Fv2%2Fcomments&post=7"}],"version-history":[{"count":11,"href":"https:\/\/gynaekologie-badlausick.de\/index.php?rest_route=\/wp\/v2\/pages\/7\/revisions"}],"predecessor-version":[{"id":367,"href":"https:\/\/gynaekologie-badlausick.de\/index.php?rest_route=\/wp\/v2\/pages\/7\/revisions\/367"}],"wp:attachment":[{"href":"https:\/\/gynaekologie-badlausick.de\/index.php?rest_route=%2Fwp%2Fv2%2Fmedia&parent=7"}],"curies":[{"name":"wp","href":"https:\/\/api.w.org\/{rel}","templated":true}]}}